{"id":8607,"date":"2025-10-20T16:54:09","date_gmt":"2025-10-20T14:54:09","guid":{"rendered":"https:\/\/www.eranove.com\/?page_id=8607"},"modified":"2025-10-20T17:01:31","modified_gmt":"2025-10-20T15:01:31","slug":"ahmadou-bakayoko","status":"publish","type":"page","link":"https:\/\/www.eranove.com\/en\/governance\/leaders\/ahmadou-bakayoko\/","title":{"rendered":"Ahmadou Bakayoko"},"content":{"rendered":"<p>[et_pb_section fb_built=&#8221;1&#8243; module_class=&#8221;  with-transparent-borders  with-transparent-borders  with-transparent-borders  with-transparent-borders  with-transparent-borders  with-transparent-borders  with-transparent-borders  with-transparent-borders&#8221; _builder_version=&#8221;4.16&#8243; global_colors_info=&#8221;{}&#8221;][et_pb_row column_structure=&#8221;1_2,1_2&#8243; _builder_version=&#8221;4.16&#8243; background_size=&#8221;initial&#8221; background_position=&#8221;top_left&#8221; background_repeat=&#8221;repeat&#8221; global_colors_info=&#8221;{}&#8221;][et_pb_column type=&#8221;1_2&#8243; _builder_version=&#8221;4.16&#8243; custom_padding=&#8221;|||&#8221; global_colors_info=&#8221;{}&#8221; custom_padding__hover=&#8221;|||&#8221;][gla_bloc_image src=&#8221;https:\/\/www.eranove.com\/wp-content\/uploads\/2025\/09\/Directeur-General-dEranove.jpeg&#8221; alt=&#8221;Ahmadou Bakayoko &#8221; _builder_version=&#8221;4.27.4&#8243; _module_preset=&#8221;default&#8221; hover_enabled=&#8221;0&#8243; global_colors_info=&#8221;{}&#8221; sticky_enabled=&#8221;0&#8243; title_text=&#8221;Directeur G\u00e9n\u00e9ral d\u2019Eranove&#8221;][\/gla_bloc_image][\/et_pb_column][et_pb_column type=&#8221;1_2&#8243; _builder_version=&#8221;4.16&#8243; custom_padding=&#8221;|||&#8221; global_colors_info=&#8221;{}&#8221; custom_padding__hover=&#8221;|||&#8221;][gla_bloc_mise_en_page choice_background_color=&#8221;bg-transparent&#8221; cell_alignment=&#8221;top&#8221; cover=&#8221;off&#8221; choice_cover_alignment=&#8221;center&#8221; choice_cover_position=&#8221;up&#8221; titre_section=&#8221;CEO of the Eranove Group&#8221; title_hierarchical=&#8221;h2&#8243; choice_header_color=&#8221;h-transparent&#8221; _builder_version=&#8221;4.27.4&#8243; hover_enabled=&#8221;0&#8243; global_colors_info=&#8221;{}&#8221; sticky_enabled=&#8221;0&#8243;]<\/p>\n<p>Mr Ahmadou Bakayoko has been Chief Executive Officer of Eranove since 16 July 2025. He is also Chairman of the Board of Directors of SMART ENERGY .<\/p>\n<p>A graduate of the \u00c9cole Polytechnique de Paris and the \u00c9cole Nationale Sup\u00e9rieure des T\u00e9l\u00e9communications, he began his career in an investment fund in the United States before continuing his career in France, first at Capgemini Consulting and then at Canal+. In 2013, he joined Radiodiffusion T\u00e9l\u00e9vision Ivoirienne (RTI) as Deputy Chief Executive Officer, before becoming Chief Executive Officer, a position he held until 2019.<\/p>\n<p>He joined the Eranove Group in February 2019 as Director of Operations. That same year, he was also appointed Chief Executive Officer of SODECI, then Chief Executive Officer of CIE.<\/p>\n<p>[\/gla_bloc_mise_en_page][\/et_pb_column][\/et_pb_row][\/et_pb_section]<\/p>\n","protected":false},"excerpt":{"rendered":"<p>[et_pb_section fb_built=&#8221;1&#8243; module_class=&#8221; with-transparent-borders with-transparent-borders with-transparent-borders with-transparent-borders with-transparent-borders with-transparent-borders with-transparent-borders with-transparent-borders&#8221; _builder_version=&#8221;4.16&#8243; global_colors_info=&#8221;{}&#8221;][et_pb_row column_structure=&#8221;1_2,1_2&#8243; _builder_version=&#8221;4.16&#8243; background_size=&#8221;initial&#8221; background_position=&#8221;top_left&#8221; background_repeat=&#8221;repeat&#8221; global_colors_info=&#8221;{}&#8221;][et_pb_column type=&#8221;1_2&#8243; _builder_version=&#8221;4.16&#8243; custom_padding=&#8221;|||&#8221; global_colors_info=&#8221;{}&#8221; custom_padding__hover=&#8221;|||&#8221;][gla_bloc_image src=&#8221;https:\/\/www.eranove.com\/wp-content\/uploads\/2025\/09\/Directeur-General-dEranove.jpeg&#8221; alt=&#8221;Ahmadou Bakayoko &#8221; _builder_version=&#8221;4.27.4&#8243; _module_preset=&#8221;default&#8221; hover_enabled=&#8221;0&#8243; global_colors_info=&#8221;{}&#8221; sticky_enabled=&#8221;0&#8243; title_text=&#8221;Directeur G\u00e9n\u00e9ral d\u2019Eranove&#8221;][\/gla_bloc_image][\/et_pb_column][et_pb_column type=&#8221;1_2&#8243; _builder_version=&#8221;4.16&#8243; custom_padding=&#8221;|||&#8221; global_colors_info=&#8221;{}&#8221; [&hellip;]<\/p>\n","protected":false},"author":1,"featured_media":1025,"parent":3432,"menu_order":55,"comment_status":"closed","ping_status":"closed","template":"","meta":{"_acf_changed":false,"inline_featured_image":false,"_et_pb_use_builder":"on","_et_pb_old_content":"","_et_gb_content_width":"","footnotes":""},"class_list":["post-8607","page","type-page","status-publish","has-post-thumbnail","hentry"],"acf":[],"_links":{"self":[{"href":"https:\/\/www.eranove.com\/en\/wp-json\/wp\/v2\/pages\/8607","targetHints":{"allow":["GET"]}}],"collection":[{"href":"https:\/\/www.eranove.com\/en\/wp-json\/wp\/v2\/pages"}],"about":[{"href":"https:\/\/www.eranove.com\/en\/wp-json\/wp\/v2\/types\/page"}],"author":[{"embeddable":true,"href":"https:\/\/www.eranove.com\/en\/wp-json\/wp\/v2\/users\/1"}],"replies":[{"embeddable":true,"href":"https:\/\/www.eranove.com\/en\/wp-json\/wp\/v2\/comments?post=8607"}],"version-history":[{"count":4,"href":"https:\/\/www.eranove.com\/en\/wp-json\/wp\/v2\/pages\/8607\/revisions"}],"predecessor-version":[{"id":8617,"href":"https:\/\/www.eranove.com\/en\/wp-json\/wp\/v2\/pages\/8607\/revisions\/8617"}],"up":[{"embeddable":true,"href":"https:\/\/www.eranove.com\/en\/wp-json\/wp\/v2\/pages\/3432"}],"wp:featuredmedia":[{"embeddable":true,"href":"https:\/\/www.eranove.com\/en\/wp-json\/wp\/v2\/media\/1025"}],"wp:attachment":[{"href":"https:\/\/www.eranove.com\/en\/wp-json\/wp\/v2\/media?parent=8607"}],"curies":[{"name":"wp","href":"https:\/\/api.w.org\/{rel}","templated":true}]}}