{"id":4434,"date":"2018-12-18T15:47:14","date_gmt":"2018-12-18T14:47:14","guid":{"rendered":"https:\/\/www.eranove.com\/afrique\/kenie\/"},"modified":"2021-05-14T11:56:50","modified_gmt":"2021-05-14T09:56:50","slug":"kenie","status":"publish","type":"page","link":"https:\/\/www.eranove.com\/en\/africa\/kenie\/","title":{"rendered":"K\u00e9ni\u00e9"},"content":{"rendered":"<p>[et_pb_section bb_built=&#8221;1&#8243; specialty=&#8221;off&#8221; _builder_version=&#8221;3.12.2&#8243; section_background_color=&#8221;bg-white&#8221; section_fullwidth=&#8221;off&#8221; section_merged=&#8221;off&#8221; section_bordered=&#8221;no&#8221; next_background_color=&#8221;#000000&#8243;][et_pb_row _builder_version=&#8221;3.12.2&#8243;][et_pb_column type=&#8221;4_4&#8243;][gla_bloc_mise_en_page admin_label=&#8221;Logo seul&#8221; _builder_version=&#8221;3.12.2&#8243; choice_background_color=&#8221;bg-transparent&#8221; cell_alignment=&#8221;mid&#8221; cover=&#8221;off&#8221; choice_cover_alignment=&#8221;center&#8221; choice_cover_position=&#8221;up&#8221; title_hierarchical=&#8221;h2&#8243; choice_header_color=&#8221;h-transparent&#8221;]<\/p>\n<p><img decoding=\"async\" class=\"aligncenter\" style=\"margin-top: 0; margin-bottom: 0;\" src=\"https:\/\/www.eranove.com\/wp-content\/uploads\/2018\/10\/Logo_Kenie_map-popup.svg\" alt=\"\" width=\"300\" height=\"\" \/><\/p>\n<p>[\/gla_bloc_mise_en_page][\/et_pb_column][\/et_pb_row][et_pb_row _builder_version=&#8221;3.12.2&#8243;][et_pb_column type=&#8221;1_2&#8243;][gla_bloc_masonry _builder_version=&#8221;3.12.2&#8243; choice_masonry_type=&#8221;modele_4&#8243; choice_masonry_color=&#8221;blue&#8221; bloc_sous_titre_1=&#8221;<strong>Concession agreement<\/strong> with the Republic of Mali, signed on <strong>18th June 2015<\/strong>&#8221; image_cover_1=&#8221;off&#8221; image_cover_alignment_1=&#8221;center&#8221; image_src_2=&#8221;https:\/\/www.eranove.com\/wp-content\/uploads\/2018\/10\/Bloc_Picto_Haut-Droite-Turquoise.svg&#8221; image_cover_2=&#8221;on&#8221; image_cover_alignment_2=&#8221;center&#8221; image_cover_3=&#8221;on&#8221; image_cover_alignment_3=&#8221;center&#8221; image_src_1=&#8221;https:\/\/www.eranove.com\/wp-content\/themes\/glanum-child\/images\/flags\/Flag_Mali.svg&#8221; bloc_sous_titre_2=&#8221;<strong>Hydroelectric plant<\/strong>&#8221; \/][\/et_pb_column][et_pb_column type=&#8221;1_2&#8243;][gla_bloc_masonry _builder_version=&#8221;3.12.2&#8243; choice_masonry_type=&#8221;modele_1&#8243; choice_masonry_color=&#8221;green&#8221; bloc_sous_titre_3=&#8221;Baguin\u00e9da location, on the Niger river, 35km east of Bamako.&#8221; image_cover_1=&#8221;on&#8221; image_cover_alignment_1=&#8221;center&#8221; image_src_2=&#8221;https:\/\/www.eranove.com\/wp-content\/uploads\/2018\/12\/kenie-riviere-gauche.jpg&#8221; image_cover_2=&#8221;on&#8221; image_cover_alignment_2=&#8221;center&#8221; image_src_3=&#8221;https:\/\/www.eranove.com\/wp-content\/uploads\/2018\/12\/kenie-riviere-droite.jpg&#8221; image_cover_3=&#8221;on&#8221; image_cover_alignment_3=&#8221;center&#8221; src_3=&#8221;https:\/\/www.eranove.com\/wp-content\/uploads\/2018\/10\/Picto_Eclair_blanc.svg&#8221; bloc_titre_1=&#8221;42 <small>MW<\/small> IPP&#8221; image_src_1=&#8221;https:\/\/www.eranove.com\/wp-content\/uploads\/2018\/10\/Bloc_Picto_Bas-Droite-Vert.svg&#8221; \/][\/et_pb_column][\/et_pb_row][\/et_pb_section][et_pb_section bb_built=&#8221;1&#8243; specialty=&#8221;off&#8221; _builder_version=&#8221;3.12.2&#8243; section_background_color=&#8221;bg-white&#8221; section_fullwidth=&#8221;off&#8221; section_merged=&#8221;off&#8221; next_background_color=&#8221;#000000&#8243; section_bordered=&#8221;no&#8221; prev_background_color=&#8221;#000000&#8243;][et_pb_row][et_pb_column type=&#8221;4_4&#8243;][gla_bloc_mise_en_page _builder_version=&#8221;3.12.2&#8243; choice_background_color=&#8221;bg-transparent&#8221; cell_alignment=&#8221;top&#8221; cover=&#8221;off&#8221; choice_cover_alignment=&#8221;center&#8221; choice_cover_position=&#8221;up&#8221; titre_section=&#8221;K\u00e9ni\u00e9&#8221; title_hierarchical=&#8221;h2&#8243; choice_header_color=&#8221;h-transparent&#8221;]<\/p>\n<p>Through its subsidiary, K\u00e9ni\u00e9 Renewable Energy, on 18th June 2015 the Eranove group signed a 30-year concession agreement with the Republic of Mali\u2019s government for the financing, development, construction and operation of the K\u00e9ni\u00e9 42 MW hydroelectric plant at Baguin\u00e9da, on the Niger river, 35km east of Bamako.<\/p>\n<p>In June 2018, K\u00e9ni\u00e9 Renewable Energy began the EPC tendering process (Engineering, Procurement and Construction) for the plant\u2019s construction, a decisive step in the project\u2019s implementation.<\/p>\n<p>[\/gla_bloc_mise_en_page][\/et_pb_column][\/et_pb_row][\/et_pb_section][et_pb_section bb_built=&#8221;1&#8243; specialty=&#8221;off&#8221; prev_background_color=&#8221;#000000&#8243; _builder_version=&#8221;3.12.2&#8243; section_background_color=&#8221;bg-white&#8221; section_fullwidth=&#8221;off&#8221; section_merged=&#8221;off&#8221; section_bordered=&#8221;with-separation-border&#8221; next_background_color=&#8221;#000000&#8243;][et_pb_row][et_pb_column type=&#8221;4_4&#8243;][et_pb_blog admin_label=&#8221;Actualit\u00e9s&#8221; _builder_version=&#8221;3.12.2&#8243; posts_number=&#8221;3&#8243; include_categories=&#8221;53&#8243; meta_date=&#8221;j F Y&#8221; show_more=&#8221;on&#8221; show_author=&#8221;off&#8221; show_categories=&#8221;off&#8221; show_pagination=&#8221;off&#8221; show_thumbnail=&#8221;off&#8221; fullwidth=&#8221;off&#8221; \/][\/et_pb_column][\/et_pb_row][\/et_pb_section][et_pb_section bb_built=&#8221;1&#8243; admin_label=&#8221;Bouton&#8221; specialty=&#8221;off&#8221; _builder_version=&#8221;3.12.2&#8243; section_background_color=&#8221;bg-grey-10&#8243; section_fullwidth=&#8221;on&#8221; section_merged=&#8221;off&#8221; section_bordered=&#8221;no&#8221; prev_background_color=&#8221;#000000&#8243;][et_pb_row _builder_version=&#8221;3.12.2&#8243;][et_pb_column type=&#8221;4_4&#8243;][gla_bloc_mise_en_page admin_label=&#8221;Bouton retour&#8221; _builder_version=&#8221;3.12.2&#8243; choice_background_color=&#8221;bg-transparent&#8221; cell_alignment=&#8221;mid&#8221; cover=&#8221;off&#8221; choice_cover_alignment=&#8221;center&#8221; choice_cover_position=&#8221;up&#8221; title_hierarchical=&#8221;h2&#8243; choice_header_color=&#8221;h-transparent&#8221; button_url=&#8221;\/afrique&#8221; button_text=&#8221;\u00ab Other Eranove group companies and projects&#8221; text_orientation=&#8221;left&#8221; module_text_align=&#8221;center&#8221; \/][\/et_pb_column][\/et_pb_row][\/et_pb_section]<\/p>\n","protected":false},"excerpt":{"rendered":"<p>[et_pb_section bb_built=&#8221;1&#8243; specialty=&#8221;off&#8221; _builder_version=&#8221;3.12.2&#8243; section_background_color=&#8221;bg-white&#8221; section_fullwidth=&#8221;off&#8221; section_merged=&#8221;off&#8221; section_bordered=&#8221;no&#8221; next_background_color=&#8221;#000000&#8243;][et_pb_row _builder_version=&#8221;3.12.2&#8243;][et_pb_column type=&#8221;4_4&#8243;][gla_bloc_mise_en_page admin_label=&#8221;Logo seul&#8221; _builder_version=&#8221;3.12.2&#8243; choice_background_color=&#8221;bg-transparent&#8221; cell_alignment=&#8221;mid&#8221; cover=&#8221;off&#8221; choice_cover_alignment=&#8221;center&#8221; choice_cover_position=&#8221;up&#8221; title_hierarchical=&#8221;h2&#8243; choice_header_color=&#8221;h-transparent&#8221;] [\/gla_bloc_mise_en_page][\/et_pb_column][\/et_pb_row][et_pb_row _builder_version=&#8221;3.12.2&#8243;][et_pb_column type=&#8221;1_2&#8243;][gla_bloc_masonry _builder_version=&#8221;3.12.2&#8243; choice_masonry_type=&#8221;modele_4&#8243; choice_masonry_color=&#8221;blue&#8221; bloc_sous_titre_1=&#8221;Concession agreement with the Republic of Mali, signed on 18th June 2015&#8221; image_cover_1=&#8221;off&#8221; [&hellip;]<\/p>\n","protected":false},"author":1,"featured_media":1025,"parent":5926,"menu_order":21,"comment_status":"closed","ping_status":"closed","template":"","meta":{"_acf_changed":false,"inline_featured_image":false,"_et_pb_use_builder":"on","_et_pb_old_content":"","_et_gb_content_width":"","footnotes":""},"class_list":["post-4434","page","type-page","status-publish","has-post-thumbnail","hentry"],"acf":[],"_links":{"self":[{"href":"https:\/\/www.eranove.com\/en\/wp-json\/wp\/v2\/pages\/4434","targetHints":{"allow":["GET"]}}],"collection":[{"href":"https:\/\/www.eranove.com\/en\/wp-json\/wp\/v2\/pages"}],"about":[{"href":"https:\/\/www.eranove.com\/en\/wp-json\/wp\/v2\/types\/page"}],"author":[{"embeddable":true,"href":"https:\/\/www.eranove.com\/en\/wp-json\/wp\/v2\/users\/1"}],"replies":[{"embeddable":true,"href":"https:\/\/www.eranove.com\/en\/wp-json\/wp\/v2\/comments?post=4434"}],"version-history":[{"count":6,"href":"https:\/\/www.eranove.com\/en\/wp-json\/wp\/v2\/pages\/4434\/revisions"}],"predecessor-version":[{"id":4630,"href":"https:\/\/www.eranove.com\/en\/wp-json\/wp\/v2\/pages\/4434\/revisions\/4630"}],"up":[{"embeddable":true,"href":"https:\/\/www.eranove.com\/en\/wp-json\/wp\/v2\/pages\/5926"}],"wp:featuredmedia":[{"embeddable":true,"href":"https:\/\/www.eranove.com\/en\/wp-json\/wp\/v2\/media\/1025"}],"wp:attachment":[{"href":"https:\/\/www.eranove.com\/en\/wp-json\/wp\/v2\/media?parent=4434"}],"curies":[{"name":"wp","href":"https:\/\/api.w.org\/{rel}","templated":true}]}}