{"id":3455,"date":"2018-10-10T10:30:35","date_gmt":"2018-10-10T08:30:35","guid":{"rendered":"https:\/\/www.eranove.com\/?page_id=3455"},"modified":"2025-10-20T17:25:10","modified_gmt":"2025-10-20T15:25:10","slug":"ralph-olaye","status":"publish","type":"page","link":"https:\/\/www.eranove.com\/en\/governance\/leaders\/ralph-olaye\/","title":{"rendered":"Ralph Olay\u00e9"},"content":{"rendered":"<p>[et_pb_section fb_built=&#8221;1&#8243; module_class=&#8221;  with-transparent-borders  with-transparent-borders  with-transparent-borders  with-transparent-borders&#8221; _builder_version=&#8221;4.16&#8243; global_colors_info=&#8221;{}&#8221;][et_pb_row column_structure=&#8221;1_2,1_2&#8243; _builder_version=&#8221;4.16&#8243; background_size=&#8221;initial&#8221; background_position=&#8221;top_left&#8221; background_repeat=&#8221;repeat&#8221; global_colors_info=&#8221;{}&#8221;][et_pb_column type=&#8221;1_2&#8243; _builder_version=&#8221;4.16&#8243; custom_padding=&#8221;|||&#8221; global_colors_info=&#8221;{}&#8221; custom_padding__hover=&#8221;|||&#8221;][gla_bloc_image src=&#8221;https:\/\/www.eranove.com\/wp-content\/uploads\/2022\/08\/RalphOlaye.jpg&#8221; _builder_version=&#8221;4.16&#8243; _module_preset=&#8221;default&#8221; global_colors_info=&#8221;{}&#8221;][\/gla_bloc_image][\/et_pb_column][et_pb_column type=&#8221;1_2&#8243; _builder_version=&#8221;4.16&#8243; custom_padding=&#8221;|||&#8221; global_colors_info=&#8221;{}&#8221; custom_padding__hover=&#8221;|||&#8221;][gla_bloc_mise_en_page choice_background_color=&#8221;bg-transparent&#8221; cell_alignment=&#8221;top&#8221; cover=&#8221;off&#8221; choice_cover_alignment=&#8221;center&#8221; choice_cover_position=&#8221;up&#8221; titre_section=&#8221;\u00a0Managing Director of SPV KENIE and ORELO&#8221; title_hierarchical=&#8221;h2&#8243; choice_header_color=&#8221;h-transparent&#8221; _builder_version=&#8221;4.27.4&#8243; hover_enabled=&#8221;0&#8243; global_colors_info=&#8221;{}&#8221; sticky_enabled=&#8221;0&#8243;]<\/p>\n<p>Ralph Olay\u00e9 is Director of Development and Project Management at Eranove, the leading pan-African industrial group in public service management and electricity and drinking water production. He oversees the Group&#8217;s development and geographical expansion, drawing on expertise acquired over several decades of activity on the continent in structuring, financing, implementing and operating projects in the essential areas of water, electricity and digital access.<\/p>\n<p>Previously, Ralph held various positions at the African Development Bank, including programme performance and execution manager, coordinator of large-scale and regional infrastructure programmes, and resource mobilisation manager for the African Development Fund, which supports the economic development of low-income and fragile countries in Africa.<\/p>\n<p>Before contributing to infrastructure development in Africa, Ralph Olay\u00e9 demonstrated his entrepreneurial skills by supporting the international development of Egis Projects (Caisse des D\u00e9p\u00f4ts Group) and founding a start-up related to process automation.<br \/>He is an Engineer-Economist from Ecole Centrale Paris, holds an MSc in Civil Engineering from the Massachusetts Institute of Technology and an MBA from HEC Paris.<\/p>\n<p>Ralph Olay\u00e9 also has the honour of being a Fellow of Archbishop Desmond Tutu, a member of the African Leadership Network and Africa 2.0, and has twice been ranked among the Choiseul Institute&#8217;s Emerging Economic Leaders of the African Continent.<\/p>\n<p>[\/gla_bloc_mise_en_page][gla_bloc_mise_en_page choice_background_color=&#8221;bg-transparent&#8221; cell_alignment=&#8221;top&#8221; cover=&#8221;off&#8221; choice_cover_alignment=&#8221;center&#8221; choice_cover_position=&#8221;up&#8221; titre_section=&#8221;Managing Director of Eranove\u2019s project development and management&#8221; title_hierarchical=&#8221;h2&#8243; choice_header_color=&#8221;h-transparent&#8221; _builder_version=&#8221;4.16&#8243; global_colors_info=&#8221;{}&#8221; disabled_on=&#8221;on|on|on&#8221; disabled=&#8221;on&#8221;]<\/p>\n<p><strong>Ralph Olay\u00e9<\/strong> is the Managing Director of Eranove\u2019s project development and management, the leading pan-African industrial group in public services management and electricity and drinking water production. He directs different projects that are introduced by Eranove. In order to do this, he draws on the expertise that the Group has acquired through several decades of work on the continent in <strong>structuring<\/strong>, <strong>financing<\/strong>, <strong>implementation<\/strong> and <strong>operation<\/strong> in the essential specialisations, which are <strong>water<\/strong>, <strong>electricity<\/strong>, and <strong>digital access<\/strong>.<\/p>\n<p>In the African Development Bank, Ralph held several posts, particularly as <strong>manager of programme performance and execution<\/strong> and, before that, as coordinator of large-scale regional infrastructure programmes, leading to the endorsement of 54 African Heads of State from the African Union Programme for the development of infrastructure in Africa (PIDA), and he also lead the infrastructure project preparation facility NEPAD. He directed the mobilisation efforts of the African development fund&#8217;s resources, marshalling a new contribution record for a total amount raised of 10 billion dollars, helping\u00a0<strong>to support the economic development of fragile, low-income African countries.<\/strong><\/p>\n<p>Before participating in infrastructure development in Africa, Ralph Olay\u00e9 demonstrated his entrepreneurial skills by supporting the international development of the Egis Projects (Caisse des d\u00e9p\u00f4ts Group) and by launching a startup linked to process automisation, in which he remains a shareholder.<\/p>\n<p>He is an <strong>Engineering-Economics graduate from Ecole Centrale Paris<\/strong>, with an MSc in Civil Engineering from the Massachusetts Institute of Technology and an MBA from HEC Paris.<\/p>\n<p>Ralph Olay\u00e9 also has the honour of being a Fellow of Archbishop Desmond Tutu, member of the African Leadership Network, of Africa 2.0 and he has been ranked by the\u00a0Choiseul Institute on two separate occasions among the African continent&#8217;s Emerging economic leaders.<\/p>\n<p>&nbsp;<\/p>\n<p>[\/gla_bloc_mise_en_page][\/et_pb_column][\/et_pb_row][\/et_pb_section]<\/p>\n","protected":false},"excerpt":{"rendered":"<p>[et_pb_section fb_built=&#8221;1&#8243; module_class=&#8221; with-transparent-borders with-transparent-borders with-transparent-borders with-transparent-borders&#8221; _builder_version=&#8221;4.16&#8243; global_colors_info=&#8221;{}&#8221;][et_pb_row column_structure=&#8221;1_2,1_2&#8243; _builder_version=&#8221;4.16&#8243; background_size=&#8221;initial&#8221; background_position=&#8221;top_left&#8221; background_repeat=&#8221;repeat&#8221; global_colors_info=&#8221;{}&#8221;][et_pb_column type=&#8221;1_2&#8243; _builder_version=&#8221;4.16&#8243; custom_padding=&#8221;|||&#8221; global_colors_info=&#8221;{}&#8221; custom_padding__hover=&#8221;|||&#8221;][gla_bloc_image src=&#8221;https:\/\/www.eranove.com\/wp-content\/uploads\/2022\/08\/RalphOlaye.jpg&#8221; _builder_version=&#8221;4.16&#8243; _module_preset=&#8221;default&#8221; global_colors_info=&#8221;{}&#8221;][\/gla_bloc_image][\/et_pb_column][et_pb_column type=&#8221;1_2&#8243; _builder_version=&#8221;4.16&#8243; custom_padding=&#8221;|||&#8221; global_colors_info=&#8221;{}&#8221; custom_padding__hover=&#8221;|||&#8221;][gla_bloc_mise_en_page choice_background_color=&#8221;bg-transparent&#8221; cell_alignment=&#8221;top&#8221; cover=&#8221;off&#8221; choice_cover_alignment=&#8221;center&#8221; choice_cover_position=&#8221;up&#8221; titre_section=&#8221;\u00a0Managing Director of SPV KENIE and [&hellip;]<\/p>\n","protected":false},"author":1,"featured_media":1025,"parent":3432,"menu_order":55,"comment_status":"closed","ping_status":"closed","template":"","meta":{"_acf_changed":false,"inline_featured_image":false,"_et_pb_use_builder":"on","_et_pb_old_content":"","_et_gb_content_width":"","footnotes":""},"class_list":["post-3455","page","type-page","status-publish","has-post-thumbnail","hentry"],"acf":[],"_links":{"self":[{"href":"https:\/\/www.eranove.com\/en\/wp-json\/wp\/v2\/pages\/3455","targetHints":{"allow":["GET"]}}],"collection":[{"href":"https:\/\/www.eranove.com\/en\/wp-json\/wp\/v2\/pages"}],"about":[{"href":"https:\/\/www.eranove.com\/en\/wp-json\/wp\/v2\/types\/page"}],"author":[{"embeddable":true,"href":"https:\/\/www.eranove.com\/en\/wp-json\/wp\/v2\/users\/1"}],"replies":[{"embeddable":true,"href":"https:\/\/www.eranove.com\/en\/wp-json\/wp\/v2\/comments?post=3455"}],"version-history":[{"count":11,"href":"https:\/\/www.eranove.com\/en\/wp-json\/wp\/v2\/pages\/3455\/revisions"}],"predecessor-version":[{"id":8647,"href":"https:\/\/www.eranove.com\/en\/wp-json\/wp\/v2\/pages\/3455\/revisions\/8647"}],"up":[{"embeddable":true,"href":"https:\/\/www.eranove.com\/en\/wp-json\/wp\/v2\/pages\/3432"}],"wp:featuredmedia":[{"embeddable":true,"href":"https:\/\/www.eranove.com\/en\/wp-json\/wp\/v2\/media\/1025"}],"wp:attachment":[{"href":"https:\/\/www.eranove.com\/en\/wp-json\/wp\/v2\/media?parent=3455"}],"curies":[{"name":"wp","href":"https:\/\/api.w.org\/{rel}","templated":true}]}}